{"id":680,"date":"2024-03-14T18:30:26","date_gmt":"2024-03-14T18:30:26","guid":{"rendered":"https:\/\/ltmhs.swlauriersb.vortexdev.com\/student-ressources\/student-life\/"},"modified":"2024-03-14T20:11:23","modified_gmt":"2024-03-14T20:11:23","slug":"vie-etudiante","status":"publish","type":"page","link":"https:\/\/ltmhs.swlauriersb.vortexdev.com\/fr\/ressources-eleves\/vie-etudiante\/","title":{"rendered":"Vie \u00e9tudiante"},"content":{"rendered":"\n<h2 class=\"wp-block-heading\">Robotique<\/h2>\n\n\n\n<p>Le club de robotique est un endroit permettant aux \u00e9l\u00e8ves de d\u00e9velopper leur cr\u00e9ativit\u00e9, leur pens\u00e9e critique et leurs aptitudes en r\u00e9solution de probl\u00e8mes. Le club se rencontre chaque semaine pendant toute l\u2019ann\u00e9e scolaire et est ouvert \u00e0 tous les \u00e9l\u00e8ves qui s\u2019int\u00e9ressent \u00e0 la robotique.<\/p>\n\n\n\n<p>Le club de robotique a deux objectifs. Tous les mois de f\u00e9vrier, les \u00e9l\u00e8ves participent \u00e0 la Comp\u00e9tition de robotique CRC annuelle (https:\/\/robo-crc.ca\/). Une fois la comp\u00e9tition termin\u00e9e, l\u2019objectif du club est de donner aux \u00e9l\u00e8ves la chance d\u2019exp\u00e9rimenter avec les outils et les programmes \u00e0 leur disposition de mani\u00e8re \u00e0 cr\u00e9er des robots qui peuvent ex\u00e9cuter une t\u00e2che en particulier.<\/p>\n\n\n\n<p>La Comp\u00e9tition de robotique CRC met les \u00e9l\u00e8ves au d\u00e9fi \u00e0 plusieurs niveaux. Les \u00e9l\u00e8ves doivent construire un robot qui peut accomplir une ou plusieurs t\u00e2ches sp\u00e9cifiques sur le terrain de jeu avec et\/ou contre d\u2019autres robots. Chaque t\u00e2che n\u00e9cessite que les \u00e9l\u00e8ves planifient un concept optimal, construisent des prototypes et cr\u00e9ent des composants fonctionnels. Le personnel enseignant est \u00e0 leur disposition pour les guider durant ce processus. Mais ultimement, le projet est centr\u00e9 sur l\u2019\u00e9l\u00e8ve. Les exp\u00e9riences, la conceptualisation et le processus d\u2019essais et d\u2019erreur sont des \u00e9l\u00e9ments majeurs de ce projet.<\/p>\n\n\n\n<p>Pendant que les robots rivalisent sur le terrain de jeu, la Comp\u00e9tition de robotique CRC int\u00e8gre aussi d\u2019autres domaines d\u2019int\u00e9r\u00eat. La comp\u00e9tition de programmation n\u00e9cessite que les \u00e9l\u00e8ves cr\u00e9ent un programme informatique qui permettra \u00e0 un petit robot d\u2019effectuer des t\u00e2ches particuli\u00e8res par lui-m\u00eame, sans intervention humaine. La comp\u00e9tition de kiosque permet aux \u00e9l\u00e8ves d\u2019exprimer leur c\u00f4t\u00e9 artistique. Les \u00e9l\u00e8ves doivent choisir un th\u00e8me central, construire un d\u00e9cor et cr\u00e9er des costumes\/uniformes pour accompagner ce th\u00e8me. La comp\u00e9tition vid\u00e9o est con\u00e7ue pour permettre aux \u00e9l\u00e8ves de cr\u00e9er une courte vid\u00e9o qui met en valeur leur th\u00e8me, tout en expliquant les capacit\u00e9s de leur robot. Finalement, la comp\u00e9tition de conception de site Web demande aux \u00e9l\u00e8ves de cr\u00e9er une page Web fonctionnelle qui contiendra tous les renseignements pertinents au sujet de la comp\u00e9tition et de l\u2019\u00e9cole qui y participe.<\/p>\n\n\n\n<p>Une fois la comp\u00e9tition de robotique CRC termin\u00e9e, le club se rencontre de fa\u00e7on plus d\u00e9tendue. Les \u00e9l\u00e8ves ont alors l\u2019occasion de travailler sur de nouveaux concepts et\/ou programmes, et de mettre leur efficacit\u00e9 \u00e0 l\u2019\u00e9preuve. Les \u00e9l\u00e8ves peuvent mettre \u00e0 l\u2019\u0153uvre l\u2019exp\u00e9rience acquise durant la comp\u00e9tition afin d\u2019am\u00e9liorer toutes les conceptions ant\u00e9rieures, ou pour cr\u00e9er des robots encore plus performants. Le club de robotique est l\u2019endroit par excellence pour donner aux \u00e9l\u00e8ves la possibilit\u00e9 de laisser libre cours \u00e0 leur imagination.<\/p>\n","protected":false},"excerpt":{"rendered":"<p>Robotique Le club de robotique est un endroit permettant aux \u00e9l\u00e8ves de d\u00e9velopper leur cr\u00e9ativit\u00e9, leur pens\u00e9e critique et leurs aptitudes en r\u00e9solution de probl\u00e8mes. Le club se rencontre chaque semaine pendant toute l\u2019ann\u00e9e scolaire et est ouvert \u00e0 tous les \u00e9l\u00e8ves qui s\u2019int\u00e9ressent \u00e0 la robotique. Le club de robotique a deux objectifs. Tous&hellip;<\/p>\n","protected":false},"author":1,"featured_media":0,"parent":678,"menu_order":0,"comment_status":"closed","ping_status":"closed","template":"","meta":{"_acf_changed":false,"_relevanssi_hide_post":"","_relevanssi_hide_content":"","_relevanssi_pin_for_all":"","_relevanssi_pin_keywords":"","_relevanssi_unpin_keywords":"","_relevanssi_related_keywords":"","_relevanssi_related_include_ids":"","_relevanssi_related_exclude_ids":"","_relevanssi_related_no_append":"","_relevanssi_related_not_related":"","_relevanssi_related_posts":"","_relevanssi_noindex_reason":"","footnotes":""},"acf":[],"_links":{"self":[{"href":"https:\/\/ltmhs.swlauriersb.vortexdev.com\/fr\/wp-json\/wp\/v2\/pages\/680"}],"collection":[{"href":"https:\/\/ltmhs.swlauriersb.vortexdev.com\/fr\/wp-json\/wp\/v2\/pages"}],"about":[{"href":"https:\/\/ltmhs.swlauriersb.vortexdev.com\/fr\/wp-json\/wp\/v2\/types\/page"}],"author":[{"embeddable":true,"href":"https:\/\/ltmhs.swlauriersb.vortexdev.com\/fr\/wp-json\/wp\/v2\/users\/1"}],"replies":[{"embeddable":true,"href":"https:\/\/ltmhs.swlauriersb.vortexdev.com\/fr\/wp-json\/wp\/v2\/comments?post=680"}],"version-history":[{"count":1,"href":"https:\/\/ltmhs.swlauriersb.vortexdev.com\/fr\/wp-json\/wp\/v2\/pages\/680\/revisions"}],"predecessor-version":[{"id":718,"href":"https:\/\/ltmhs.swlauriersb.vortexdev.com\/fr\/wp-json\/wp\/v2\/pages\/680\/revisions\/718"}],"up":[{"embeddable":true,"href":"https:\/\/ltmhs.swlauriersb.vortexdev.com\/fr\/wp-json\/wp\/v2\/pages\/678"}],"wp:attachment":[{"href":"https:\/\/ltmhs.swlauriersb.vortexdev.com\/fr\/wp-json\/wp\/v2\/media?parent=680"}],"curies":[{"name":"wp","href":"https:\/\/api.w.org\/{rel}","templated":true}]}}